{"id":4546,"date":"2023-08-09T11:31:46","date_gmt":"2023-08-09T09:31:46","guid":{"rendered":"https:\/\/wordpress.vecurosoft.com\/kiddino\/?page_id=15"},"modified":"2024-04-23T15:27:25","modified_gmt":"2024-04-23T15:27:25","slug":"quem-somos","status":"publish","type":"page","link":"https:\/\/escolafrancofona.edu.cv\/fr\/quem-somos\/","title":{"rendered":"Qui sommes-nous ?"},"content":{"rendered":"<div data-elementor-type=\"wp-page\" data-elementor-id=\"4546\" class=\"elementor elementor-4546\" data-elementor-post-type=\"page\">\n\t\t\t\t\t\t<section class=\"elementor-section elementor-top-section elementor-element elementor-element-60d6e80 elementor-section-boxed elementor-section-height-default elementor-section-height-default\" data-id=\"60d6e80\" data-element_type=\"section\">\n\t\t\t\t\t\t<div class=\"elementor-container elementor-column-gap-no\">\n\t\t\t\t\t<div class=\"elementor-column elementor-col-100 elementor-top-column elementor-element elementor-element-8c3988b\" data-id=\"8c3988b\" data-element_type=\"column\">\n\t\t\t<div class=\"elementor-widget-wrap elementor-element-populated\">\n\t\t\t\t\t\t<section class=\"elementor-section elementor-inner-section elementor-element elementor-element-d9e04c8 elementor-section-content-middle elementor-reverse-tablet elementor-reverse-mobile elementor-section-boxed elementor-section-height-default elementor-section-height-default\" data-id=\"d9e04c8\" data-element_type=\"section\">\n\t\t\t\t\t\t<div class=\"elementor-container elementor-column-gap-no\">\n\t\t\t\t\t<div class=\"elementor-column elementor-col-50 elementor-inner-column elementor-element elementor-element-d894b40\" data-id=\"d894b40\" data-element_type=\"column\">\n\t\t\t<div class=\"elementor-widget-wrap elementor-element-populated\">\n\t\t\t\t\t\t<div class=\"elementor-element elementor-element-fd2a5ff elementor-widget elementor-widget-kiddinosectiontitle\" data-id=\"fd2a5ff\" data-element_type=\"widget\" data-widget_type=\"kiddinosectiontitle.default\">\n\t\t\t\t<div class=\"elementor-widget-container\">\n\t\t\t\t\t<!-- Section Title --><div class=\"title-area\" ><h2 class=\"sec-title title-selector\">Qui <span class=\"text-theme\">Nous sommes<\/span><\/h2><\/div><!-- End Section Title -->\t\t\t\t<\/div>\n\t\t\t\t<\/div>\n\t\t\t\t<div class=\"elementor-element elementor-element-db25e56 elementor-widget elementor-widget-text-editor\" data-id=\"db25e56\" data-element_type=\"widget\" data-widget_type=\"text-editor.default\">\n\t\t\t\t<div class=\"elementor-widget-container\">\n\t\t\t\t\t\t\t\t\t<p>Le jardin d'enfants\/pr\u00e9-scolaire est la premi\u00e8re \u00e9tape de l'\u00e9ducation de base de la petite enfance. Il s'adresse aux enfants de 0 \u00e0 6 ans qui ont leur premier contact avec l'\u00e9ducation \u00e0 l'\u00e9cole et int\u00e8gre l'ENSEIGNEMENT et les soins, c'est-\u00e0-dire qu'il travaille en compl\u00e9ment de l'\u00e9ducation familiale.<\/p><p>C'est une \u00e9tape importante dans la vie d'un enfant o\u00f9 il commence \u00e0 exister en dehors du milieu familial, ce qui implique la gestion des diff\u00e9rences, le d\u00e9veloppement de la personnalit\u00e9 et de l'autonomie, la cr\u00e9ation de liens d'amiti\u00e9 et la d\u00e9couverte de diff\u00e9rents domaines de connaissances et de comp\u00e9tences. L'Ecole Francophone de Leadership est une institution qui privil\u00e9gie la qualit\u00e9 de l'\u00e9ducation de votre enfant, avec un ensemble de m\u00e9thodologies innovantes qui visent l'excellence. Nous ne sommes pas un \"autre\" jardin d'enfants, nous sommes une extension de la famille, int\u00e9grant les soins \u00e0 l'enseignement, promouvant un espace s\u00fbr, heureux et sain pour que votre enfant grandisse harmonieusement dans ses facult\u00e9s physiques, mentales et sociales.<\/p>\t\t\t\t\t\t\t\t<\/div>\n\t\t\t\t<\/div>\n\t\t\t\t\t<\/div>\n\t\t<\/div>\n\t\t\t\t<div class=\"elementor-column elementor-col-50 elementor-inner-column elementor-element elementor-element-f65ab9b\" data-id=\"f65ab9b\" data-element_type=\"column\">\n\t\t\t<div class=\"elementor-widget-wrap elementor-element-populated\">\n\t\t\t\t\t\t<div class=\"elementor-element elementor-element-cc43e1d elementor-widget elementor-widget-kiddinoimagebox\" data-id=\"cc43e1d\" data-element_type=\"widget\" data-widget_type=\"kiddinoimagebox.default\">\n\t\t\t\t<div class=\"elementor-widget-container\">\n\t\t\t\t\t\t\t<div class=\"img-box2 imagebox-wraper\">\r\n\t\t\t    <div class=\"transform-banner\">\n        <img decoding=\"async\" src=\"https:\/\/wordpress.vecurosoft.com\/kiddino\/wp-content\/uploads\/2023\/10\/ab-2-1.jpg\" alt=\"about\"  \/>    <\/div>\n<div class=\"vs-circle jump\"><\/div>\t\t<\/div>\r\n\t\t\t\t\t<\/div>\n\t\t\t\t<\/div>\n\t\t\t\t\t<\/div>\n\t\t<\/div>\n\t\t\t\t\t<\/div>\n\t\t<\/section>\n\t\t\t\t\t<\/div>\n\t\t<\/div>\n\t\t\t\t\t<\/div>\n\t\t<\/section>\n\t\t\t\t<section class=\"elementor-section elementor-top-section elementor-element elementor-element-b056733 elementor-section-boxed elementor-section-height-default elementor-section-height-default\" data-id=\"b056733\" data-element_type=\"section\" data-settings=\"{&quot;background_background&quot;:&quot;classic&quot;}\">\n\t\t\t\t\t\t<div class=\"elementor-container elementor-column-gap-no\">\n\t\t\t\t\t<div class=\"elementor-column elementor-col-100 elementor-top-column elementor-element elementor-element-70d7a59\" data-id=\"70d7a59\" data-element_type=\"column\">\n\t\t\t<div class=\"elementor-widget-wrap elementor-element-populated\">\n\t\t\t\t\t\t<section class=\"elementor-section elementor-inner-section elementor-element elementor-element-8c3d189 elementor-section-content-middle elementor-reverse-tablet elementor-reverse-mobile elementor-section-boxed elementor-section-height-default elementor-section-height-default\" data-id=\"8c3d189\" data-element_type=\"section\" data-settings=\"{&quot;background_background&quot;:&quot;classic&quot;}\">\n\t\t\t\t\t\t<div class=\"elementor-container elementor-column-gap-no\">\n\t\t\t\t\t<div class=\"elementor-column elementor-col-50 elementor-inner-column elementor-element elementor-element-a5f230b\" data-id=\"a5f230b\" data-element_type=\"column\">\n\t\t\t<div class=\"elementor-widget-wrap elementor-element-populated\">\n\t\t\t\t\t\t<div class=\"elementor-element elementor-element-22489e1 elementor-widget elementor-widget-kiddinosectiontitle\" data-id=\"22489e1\" data-element_type=\"widget\" data-widget_type=\"kiddinosectiontitle.default\">\n\t\t\t\t<div class=\"elementor-widget-container\">\n\t\t\t\t\t<!-- Section Title --><div class=\"title-area\" ><h2 class=\"sec-title title-selector\"> L'enseignement <span class=\"text-theme\">Unique<\/span><\/h2><\/div><!-- End Section Title -->\t\t\t\t<\/div>\n\t\t\t\t<\/div>\n\t\t\t\t<div class=\"elementor-element elementor-element-4aeeb39 elementor-widget elementor-widget-text-editor\" data-id=\"4aeeb39\" data-element_type=\"widget\" data-widget_type=\"text-editor.default\">\n\t\t\t\t<div class=\"elementor-widget-container\">\n\t\t\t\t\t\t\t\t\t<p>Des \u00e9tudes montrent que l'enseignement des langues \u00e9trang\u00e8res est un outil p\u00e9dagogique tr\u00e8s efficace pour d\u00e9velopper les capacit\u00e9s intellectuelles des enfants.<br \/>Ce qui fait de notre institution un espace d'apprentissage unique et innovant, c'est tout l'investissement consenti pour que votre enfant n'apprenne pas seulement une langue \u00e9trang\u00e8re, mais qu'il grandisse dans un espace interactif qui met l'accent sur les valeurs et encourage l'appr\u00e9ciation de l'homme et de l'\u00e9cosyst\u00e8me.<br \/>Ici, votre enfant n'est pas consid\u00e9r\u00e9 comme un \u00e9l\u00e8ve \"comme les autres\". Il est accueilli comme une personne unique et singuli\u00e8re, et tout l'enseignement et les soins sont minutieusement \u00e9tudi\u00e9s pour tirer le meilleur parti de son potentiel humain, de sa vocation et de ses inspirations.<\/p>\t\t\t\t\t\t\t\t<\/div>\n\t\t\t\t<\/div>\n\t\t\t\t\t<\/div>\n\t\t<\/div>\n\t\t\t\t<div class=\"elementor-column elementor-col-50 elementor-inner-column elementor-element elementor-element-397940a\" data-id=\"397940a\" data-element_type=\"column\">\n\t\t\t<div class=\"elementor-widget-wrap elementor-element-populated\">\n\t\t\t\t\t\t<div class=\"elementor-element elementor-element-50b0da4 elementor-widget elementor-widget-kiddinoimagebox\" data-id=\"50b0da4\" data-element_type=\"widget\" data-widget_type=\"kiddinoimagebox.default\">\n\t\t\t\t<div class=\"elementor-widget-container\">\n\t\t\t\t\t\t\t<div class=\"img-box2 imagebox-wraper\">\r\n\t\t\t    <div class=\"transform-banner\">\n        <img decoding=\"async\" src=\"https:\/\/wordpress.vecurosoft.com\/kiddino\/wp-content\/uploads\/2023\/10\/ab-2-1.jpg\" alt=\"about\"  \/>    <\/div>\n<div class=\"vs-circle jump\"><\/div>\t\t<\/div>\r\n\t\t\t\t\t<\/div>\n\t\t\t\t<\/div>\n\t\t\t\t\t<\/div>\n\t\t<\/div>\n\t\t\t\t\t<\/div>\n\t\t<\/section>\n\t\t\t\t\t<\/div>\n\t\t<\/div>\n\t\t\t\t\t<\/div>\n\t\t<\/section>\n\t\t\t\t<section class=\"elementor-section elementor-top-section elementor-element elementor-element-59a68f2 elementor-section-full_width elementor-section-height-default elementor-section-height-default\" data-id=\"59a68f2\" data-element_type=\"section\">\n\t\t\t\t\t\t<div class=\"elementor-container elementor-column-gap-no\">\n\t\t\t\t\t<div class=\"elementor-column elementor-col-100 elementor-top-column elementor-element elementor-element-eb3f83f\" data-id=\"eb3f83f\" data-element_type=\"column\">\n\t\t\t<div class=\"elementor-widget-wrap elementor-element-populated\">\n\t\t\t\t\t\t<section class=\"elementor-section elementor-inner-section elementor-element elementor-element-6bc39b7 elementor-section-boxed elementor-section-height-default elementor-section-height-default\" data-id=\"6bc39b7\" data-element_type=\"section\">\n\t\t\t\t\t\t<div class=\"elementor-container elementor-column-gap-no\">\n\t\t\t\t\t<div class=\"elementor-column elementor-col-100 elementor-inner-column elementor-element elementor-element-f0c2e6b\" data-id=\"f0c2e6b\" data-element_type=\"column\">\n\t\t\t<div class=\"elementor-widget-wrap elementor-element-populated\">\n\t\t\t\t\t\t<div class=\"elementor-element elementor-element-2568ae3 elementor-widget elementor-widget-kiddinosectiontitle\" data-id=\"2568ae3\" data-element_type=\"widget\" data-widget_type=\"kiddinosectiontitle.default\">\n\t\t\t\t<div class=\"elementor-widget-container\">\n\t\t\t\t\t<!-- Section Title --><div class=\"title-area\" ><span class=\"sec-subtitle\">Slogan<\/span><h2 class=\"sec-title title-selector\">\"Nous sommes des formateurs de petits leaders.<\/h2><p class=\"sec-text\">Connus \u00e9galement par notre slogan, nous sommes aussi appel\u00e9s \"Incubateurs de petits leaders\" car des enfants motiv\u00e9s, r\u00e9fl\u00e9chis, cr\u00e9atifs, socialement actifs, respectueux, fraternels, gentils et inspir\u00e9s sortent de notre \u00e9cole.<\/p><\/div><!-- End Section Title -->\t\t\t\t<\/div>\n\t\t\t\t<\/div>\n\t\t\t\t\t<\/div>\n\t\t<\/div>\n\t\t\t\t\t<\/div>\n\t\t<\/section>\n\t\t\t\t\t<\/div>\n\t\t<\/div>\n\t\t\t\t\t<\/div>\n\t\t<\/section>\n\t\t\t\t<section class=\"elementor-section elementor-top-section elementor-element elementor-element-fd33eae elementor-section-boxed elementor-section-height-default elementor-section-height-default\" data-id=\"fd33eae\" data-element_type=\"section\" data-settings=\"{&quot;background_background&quot;:&quot;classic&quot;}\">\n\t\t\t\t\t\t<div class=\"elementor-container elementor-column-gap-no\">\n\t\t\t\t\t<div class=\"elementor-column elementor-col-100 elementor-top-column elementor-element elementor-element-f0b65b1\" data-id=\"f0b65b1\" data-element_type=\"column\">\n\t\t\t<div class=\"elementor-widget-wrap elementor-element-populated\">\n\t\t\t\t\t\t<section class=\"elementor-section elementor-inner-section elementor-element elementor-element-e3aa43d elementor-section-content-middle elementor-reverse-tablet elementor-reverse-mobile elementor-section-boxed elementor-section-height-default elementor-section-height-default\" data-id=\"e3aa43d\" data-element_type=\"section\" data-settings=\"{&quot;background_background&quot;:&quot;classic&quot;}\">\n\t\t\t\t\t\t<div class=\"elementor-container elementor-column-gap-no\">\n\t\t\t\t\t<div class=\"elementor-column elementor-col-50 elementor-inner-column elementor-element elementor-element-3b09ca5\" data-id=\"3b09ca5\" data-element_type=\"column\">\n\t\t\t<div class=\"elementor-widget-wrap elementor-element-populated\">\n\t\t\t\t\t\t<div class=\"elementor-element elementor-element-036507b elementor-widget elementor-widget-kiddinosectiontitle\" data-id=\"036507b\" data-element_type=\"widget\" data-widget_type=\"kiddinosectiontitle.default\">\n\t\t\t\t<div class=\"elementor-widget-container\">\n\t\t\t\t\t<!-- Section Title --><div class=\"title-area\" ><h2 class=\"sec-title title-selector\">Wow <span class=\"text-theme\">La mission<\/span><\/h2><p class=\"sec-text\">Fournir un environnement d'enseignement qui permette la croissance, l'apprentissage,\nl'apprentissage, l'\u00e9ducation et la formation personnelle fond\u00e9s sur des valeurs morales qui favorisent l'\u00e9quilibre et la sant\u00e9 physique, sociale, spirituelle et psychologique de l'enfant.\nla sant\u00e9 physique, sociale, spirituelle et psychologique de l'enfant, en mettant l'accent sur le leadership pour la culture cap-verdienne\/africaine, en utilisant la langue fran\u00e7aise comme outil d'\u00e9change social et culturel.\nculture cap-verdienne\/africaine, en utilisant la langue fran\u00e7aise comme outil d'\u00e9change social et culturel.\nLa langue fran\u00e7aise est utilis\u00e9e comme outil d'\u00e9change social et culturel.<\/p><\/div><!-- End Section Title -->\t\t\t\t<\/div>\n\t\t\t\t<\/div>\n\t\t\t\t<div class=\"elementor-element elementor-element-e3830db elementor-widget elementor-widget-kiddinosectiontitle\" data-id=\"e3830db\" data-element_type=\"widget\" data-widget_type=\"kiddinosectiontitle.default\">\n\t\t\t\t<div class=\"elementor-widget-container\">\n\t\t\t\t\t<!-- Section Title --><div class=\"title-area\" ><h2 class=\"sec-title title-selector\">Wow <span class=\"text-theme\">Vision<\/span><\/h2><p class=\"sec-text\">Faire du Cap-Vert une r\u00e9f\u00e9rence en mati\u00e8re d'excellence dans le domaine de l'\u00e9ducation.<\/p><\/div><!-- End Section Title -->\t\t\t\t<\/div>\n\t\t\t\t<\/div>\n\t\t\t\t\t<\/div>\n\t\t<\/div>\n\t\t\t\t<div class=\"elementor-column elementor-col-50 elementor-inner-column elementor-element elementor-element-c30fb9d\" data-id=\"c30fb9d\" data-element_type=\"column\">\n\t\t\t<div class=\"elementor-widget-wrap elementor-element-populated\">\n\t\t\t\t\t\t<div class=\"elementor-element elementor-element-b81120a elementor-widget elementor-widget-kiddinoimagebox\" data-id=\"b81120a\" data-element_type=\"widget\" data-widget_type=\"kiddinoimagebox.default\">\n\t\t\t\t<div class=\"elementor-widget-container\">\n\t\t\t\t\t\t\t<div class=\"img-box2 imagebox-wraper\">\r\n\t\t\t    <div class=\"transform-banner\">\n        <img decoding=\"async\" src=\"https:\/\/wordpress.vecurosoft.com\/kiddino\/wp-content\/uploads\/2023\/10\/ab-2-1.jpg\" alt=\"about\"  \/>    <\/div>\n<div class=\"vs-circle jump\"><\/div>\t\t<\/div>\r\n\t\t\t\t\t<\/div>\n\t\t\t\t<\/div>\n\t\t\t\t\t<\/div>\n\t\t<\/div>\n\t\t\t\t\t<\/div>\n\t\t<\/section>\n\t\t\t\t\t<\/div>\n\t\t<\/div>\n\t\t\t\t\t<\/div>\n\t\t<\/section>\n\t\t\t\t<section class=\"elementor-section elementor-top-section elementor-element elementor-element-5a4d05c elementor-section-boxed elementor-section-height-default elementor-section-height-default\" data-id=\"5a4d05c\" data-element_type=\"section\" data-settings=\"{&quot;background_background&quot;:&quot;classic&quot;}\">\n\t\t\t\t\t\t<div class=\"elementor-container elementor-column-gap-no\">\n\t\t\t\t\t<div class=\"elementor-column elementor-col-100 elementor-top-column elementor-element elementor-element-c453755\" data-id=\"c453755\" data-element_type=\"column\">\n\t\t\t<div class=\"elementor-widget-wrap elementor-element-populated\">\n\t\t\t\t\t\t<section class=\"elementor-section elementor-inner-section elementor-element elementor-element-971f961 elementor-section-content-middle elementor-reverse-tablet elementor-reverse-mobile elementor-section-boxed elementor-section-height-default elementor-section-height-default\" data-id=\"971f961\" data-element_type=\"section\" data-settings=\"{&quot;background_background&quot;:&quot;classic&quot;}\">\n\t\t\t\t\t\t<div class=\"elementor-container elementor-column-gap-default\">\n\t\t\t\t\t<div class=\"elementor-column elementor-col-50 elementor-inner-column elementor-element elementor-element-39ba1ad\" data-id=\"39ba1ad\" data-element_type=\"column\">\n\t\t\t<div class=\"elementor-widget-wrap elementor-element-populated\">\n\t\t\t\t\t\t<div class=\"elementor-element elementor-element-71d607b elementor-widget elementor-widget-kiddinosectiontitle\" data-id=\"71d607b\" data-element_type=\"widget\" data-widget_type=\"kiddinosectiontitle.default\">\n\t\t\t\t<div class=\"elementor-widget-container\">\n\t\t\t\t\t<!-- Section Title --><div class=\"title-area\" ><h2 class=\"sec-title title-selector\">Notre <span class=\"text-theme\">Valeurs<\/span><\/h2><\/div><!-- End Section Title -->\t\t\t\t<\/div>\n\t\t\t\t<\/div>\n\t\t\t\t<div class=\"elementor-element elementor-element-58d4614 elementor-widget elementor-widget-kiddinochecklist\" data-id=\"58d4614\" data-element_type=\"widget\" data-widget_type=\"kiddinochecklist.default\">\n\t\t\t\t<div class=\"elementor-widget-container\">\n\t\t\t\t\t            <div class=\"row justify-content-center justify-content-xl-start\">\n\t\t\t\t<div class=\"col-auto\">\n\t\t\t\t\t<div class=\"list-style1\">\n\t\t\t\t\t\t<ul class=\"list-unstyled\">\n\t\t\t\t\t\t\t\t\t\t\t\t\t\t\t<li>Tol\u00e9rance - Respect de la diversit\u00e9 sociale et culturelle<\/li>\n\t\t\t\t\t\t\t\t\t\t\t\t\t\t\t<li>Esprit de partage - Encourager le travail d'\u00e9quipe<\/li>\n\t\t\t\t\t\t\t\t\t\t\t\t\t\t\t<li>Respect de la nature - Compr\u00e9hension, interaction et responsabilit\u00e9 \u00e0 l'\u00e9gard de l'\u00e9cosyst\u00e8me\nl'\u00e9cosyst\u00e8me<\/li>\n\t\t\t\t\t\t\t\t\t\t\t\t\t\t\t<li>Relations humaines et respect de la vie - Interaction et int\u00e9gration sociale<\/li>\n\t\t\t\t\t\t\t\t\t\t\t\t\t\t\t<li>Stimuli pour un \u00e9tat d'esprit mondialis\u00e9 - ouverture d'esprit<\/li>\n\t\t\t\t\t\t\t\t\t\t\t\t\t\t\t<li>Sens civique - Respect de la patrie et de la culture africaine<\/li>\n\t\t\t\t\t\t\t\t\t\t\t\t\t\t\t<li>Leadership - Proactivit\u00e9<\/li>\n\t\t\t\t\t\t\t\t\t\t\t\t\t\t\t<li>Cr\u00e9ativit\u00e9 - Jouer et cr\u00e9er.<\/li>\n\t\t\t\t\t\t\t\t\t\t\t\t\t<\/ul>\n\t\t\t\t\t<\/div>\n\t\t\t\t<\/div>\n            <\/div>\n        \t\t\t\t<\/div>\n\t\t\t\t<\/div>\n\t\t\t\t\t<\/div>\n\t\t<\/div>\n\t\t\t\t<div class=\"elementor-column elementor-col-50 elementor-inner-column elementor-element elementor-element-4b9a433\" data-id=\"4b9a433\" data-element_type=\"column\">\n\t\t\t<div class=\"elementor-widget-wrap elementor-element-populated\">\n\t\t\t\t\t\t<div class=\"elementor-element elementor-element-d4f5a67 elementor-widget elementor-widget-kiddinoimagebox\" data-id=\"d4f5a67\" data-element_type=\"widget\" data-widget_type=\"kiddinoimagebox.default\">\n\t\t\t\t<div class=\"elementor-widget-container\">\n\t\t\t\t\t\t\t<div class=\"img-box2 imagebox-wraper\">\r\n\t\t\t    <div class=\"transform-banner\">\n        <img decoding=\"async\" src=\"https:\/\/wordpress.vecurosoft.com\/kiddino\/wp-content\/uploads\/2023\/10\/ab-2-1.jpg\" alt=\"about\"  \/>    <\/div>\n<div class=\"vs-circle jump\"><\/div>\t\t<\/div>\r\n\t\t\t\t\t<\/div>\n\t\t\t\t<\/div>\n\t\t\t\t\t<\/div>\n\t\t<\/div>\n\t\t\t\t\t<\/div>\n\t\t<\/section>\n\t\t\t\t\t<\/div>\n\t\t<\/div>\n\t\t\t\t\t<\/div>\n\t\t<\/section>\n\t\t\t\t<section class=\"elementor-section elementor-top-section elementor-element elementor-element-0f7df9c elementor-section-boxed elementor-section-height-default elementor-section-height-default\" data-id=\"0f7df9c\" data-element_type=\"section\" data-settings=\"{&quot;background_background&quot;:&quot;classic&quot;}\">\n\t\t\t\t\t\t<div class=\"elementor-container elementor-column-gap-no\">\n\t\t\t\t\t<div class=\"elementor-column elementor-col-100 elementor-top-column elementor-element elementor-element-8c1ec2f\" data-id=\"8c1ec2f\" data-element_type=\"column\">\n\t\t\t<div class=\"elementor-widget-wrap elementor-element-populated\">\n\t\t\t\t\t\t<section class=\"elementor-section elementor-inner-section elementor-element elementor-element-370b496 elementor-section-content-middle elementor-reverse-tablet elementor-reverse-mobile elementor-section-boxed elementor-section-height-default elementor-section-height-default\" data-id=\"370b496\" data-element_type=\"section\" data-settings=\"{&quot;background_background&quot;:&quot;classic&quot;}\">\n\t\t\t\t\t\t<div class=\"elementor-container elementor-column-gap-no\">\n\t\t\t\t\t<div class=\"elementor-column elementor-col-50 elementor-inner-column elementor-element elementor-element-6c0f9ba\" data-id=\"6c0f9ba\" data-element_type=\"column\">\n\t\t\t<div class=\"elementor-widget-wrap elementor-element-populated\">\n\t\t\t\t\t\t<div class=\"elementor-element elementor-element-807d25b elementor-widget elementor-widget-kiddinosectiontitle\" data-id=\"807d25b\" data-element_type=\"widget\" data-widget_type=\"kiddinosectiontitle.default\">\n\t\t\t\t<div class=\"elementor-widget-container\">\n\t\t\t\t\t<!-- Section Title --><div class=\"title-area\" ><h2 class=\"sec-title title-selector\">Notre <span class=\"text-theme\">Objectifs<\/span><\/h2><p class=\"sec-text\">Une \u00e9ducation ax\u00e9e sur le leadership, pour une bonne gouvernance, une citoyennet\u00e9 consciente, la prosp\u00e9rit\u00e9 du pays et du continent, la s\u00e9curit\u00e9, la stabilit\u00e9 et la paix.\nprosp\u00e9rit\u00e9 du pays et du continent, la s\u00e9curit\u00e9, la stabilit\u00e9 et la paix, l'utilisation de la langue fran\u00e7aise comme outil, l'apport au Cap-Vert d'un enseignement tr\u00e8s p\u00e9dagogique.\nla paix, en utilisant la langue fran\u00e7aise comme outil, en apportant au Cap-Vert une alternative tr\u00e8s p\u00e9dagogique pour les Cap-Verdiens d'\u00eatre en contact avec une langue \u00e9trang\u00e8re.\nune alternative tr\u00e8s p\u00e9dagogique pour les Capverdiens d'avoir un contact avec une langue \u00e9trang\u00e8re d\u00e8s leur plus jeune \u00e2ge.\nLe contact avec une langue \u00e9trang\u00e8re d\u00e8s le plus jeune \u00e2ge est un moyen d'\u00e9largir leur vision culturelle et sociale de la mondialisation.<\/p><\/div><!-- End Section Title -->\t\t\t\t<\/div>\n\t\t\t\t<\/div>\n\t\t\t\t\t<\/div>\n\t\t<\/div>\n\t\t\t\t<div class=\"elementor-column elementor-col-50 elementor-inner-column elementor-element elementor-element-b58cee3\" data-id=\"b58cee3\" data-element_type=\"column\">\n\t\t\t<div class=\"elementor-widget-wrap elementor-element-populated\">\n\t\t\t\t\t\t<div class=\"elementor-element elementor-element-6b07cfe elementor-widget elementor-widget-kiddinoimagebox\" data-id=\"6b07cfe\" data-element_type=\"widget\" data-widget_type=\"kiddinoimagebox.default\">\n\t\t\t\t<div class=\"elementor-widget-container\">\n\t\t\t\t\t\t\t<div class=\"img-box2 imagebox-wraper\">\r\n\t\t\t    <div class=\"transform-banner\">\n        <img decoding=\"async\" src=\"https:\/\/wordpress.vecurosoft.com\/kiddino\/wp-content\/uploads\/2023\/10\/ab-2-1.jpg\" alt=\"about\"  \/>    <\/div>\n<div class=\"vs-circle jump\"><\/div>\t\t<\/div>\r\n\t\t\t\t\t<\/div>\n\t\t\t\t<\/div>\n\t\t\t\t\t<\/div>\n\t\t<\/div>\n\t\t\t\t\t<\/div>\n\t\t<\/section>\n\t\t\t\t\t<\/div>\n\t\t<\/div>\n\t\t\t\t\t<\/div>\n\t\t<\/section>\n\t\t\t\t<\/div>","protected":false},"excerpt":{"rendered":"<p>Quem Somos O Jardim de Inf\u00e2ncia\/Pr\u00e9-Escolar, \u00e9 a primeira etapa da educa\u00e7\u00e3o infantil b\u00e1sica, atendendo crian\u00e7as dos 0 aos 6 anos de idade, que est\u00e3o tendo o seu primeiro contacto com o ensino na escola, integrando ENSINO e CUIDADO, ou seja, funcionando como um complemento da educa\u00e7\u00e3o familiar. Ela \u00e9 uma fase importante da vida&#8230;<\/p>","protected":false},"author":1,"featured_media":0,"parent":0,"menu_order":0,"comment_status":"closed","ping_status":"closed","template":"elementor_header_footer","meta":{"footnotes":""},"class_list":["post-4546","page","type-page","status-publish","hentry"],"_links":{"self":[{"href":"https:\/\/escolafrancofona.edu.cv\/fr\/wp-json\/wp\/v2\/pages\/4546","targetHints":{"allow":["GET"]}}],"collection":[{"href":"https:\/\/escolafrancofona.edu.cv\/fr\/wp-json\/wp\/v2\/pages"}],"about":[{"href":"https:\/\/escolafrancofona.edu.cv\/fr\/wp-json\/wp\/v2\/types\/page"}],"author":[{"embeddable":true,"href":"https:\/\/escolafrancofona.edu.cv\/fr\/wp-json\/wp\/v2\/users\/1"}],"replies":[{"embeddable":true,"href":"https:\/\/escolafrancofona.edu.cv\/fr\/wp-json\/wp\/v2\/comments?post=4546"}],"version-history":[{"count":73,"href":"https:\/\/escolafrancofona.edu.cv\/fr\/wp-json\/wp\/v2\/pages\/4546\/revisions"}],"predecessor-version":[{"id":4942,"href":"https:\/\/escolafrancofona.edu.cv\/fr\/wp-json\/wp\/v2\/pages\/4546\/revisions\/4942"}],"wp:attachment":[{"href":"https:\/\/escolafrancofona.edu.cv\/fr\/wp-json\/wp\/v2\/media?parent=4546"}],"curies":[{"name":"wp","href":"https:\/\/api.w.org\/{rel}","templated":true}]}}