{"id":2900,"date":"2023-09-04T12:16:08","date_gmt":"2023-09-04T10:16:08","guid":{"rendered":"https:\/\/wordpress.vecurosoft.com\/kiddino\/?page_id=2900"},"modified":"2024-04-24T18:03:25","modified_gmt":"2024-04-24T18:03:25","slug":"faq","status":"publish","type":"page","link":"https:\/\/escolafrancofona.edu.cv\/fr\/faq\/","title":{"rendered":"FAQ"},"content":{"rendered":"<div data-elementor-type=\"wp-page\" data-elementor-id=\"2900\" class=\"elementor elementor-2900\" data-elementor-post-type=\"page\">\n\t\t\t\t\t\t<section class=\"elementor-section elementor-top-section elementor-element elementor-element-45d49f3 elementor-section-full_width elementor-section-height-default elementor-section-height-default\" data-id=\"45d49f3\" data-element_type=\"section\">\n\t\t\t\t\t\t<div class=\"elementor-container elementor-column-gap-no\">\n\t\t\t\t\t<div class=\"elementor-column elementor-col-100 elementor-top-column elementor-element elementor-element-e3664cb\" data-id=\"e3664cb\" data-element_type=\"column\">\n\t\t\t<div class=\"elementor-widget-wrap elementor-element-populated\">\n\t\t\t\t\t\t<div class=\"elementor-element elementor-element-44a96dc elementor-widget elementor-widget-kiddinoshape\" data-id=\"44a96dc\" data-element_type=\"widget\" data-widget_type=\"kiddinoshape.default\">\n\t\t\t\t<div class=\"elementor-widget-container\">\n\t\t\t\t\t                    <div class=\"vs-wave-shape\">\n                <svg viewbox=\"0 0 1920 295\" fill=\"none\" xmlns=\"http:\/\/www.w3.org\/2000\/svg\">\n                    <path class=\"wave-path\" fill-rule=\"evenodd\" clip-rule=\"evenodd\" d=\"M1920 295V202.758C1906.48 131.342 1843.63 77.168 1768.34 77.168C1739.37 77.168 1711.54 85.1814 1687.4 100.128C1650.68 38.4074 1584.56 0 1511.11 0C1412.1 0 1329.2 70.2842 1309.68 163.577C1294.03 136.928 1265.08 119 1232 119C1215.11 119 1198.88 123.673 1184.8 132.389C1163.39 96.397 1124.83 74 1082 74C1022.17 74 972.422 118.018 963.444 175.369C947.459 160.855 926.246 152 903 152C886.11 152 869.88 156.673 855.803 165.389C834.387 129.397 795.832 107 753 107C710.158 107 672.487 129.569 651.251 163.442C635.542 150.075 615.199 142 593 142C576.11 142 559.88 146.673 545.803 155.389C524.387 119.397 485.832 97 443 97C400.012 97 362.23 119.723 341.034 153.789C324.552 132.631 298.841 119 270 119C253.11 119 236.88 123.673 222.803 132.389C201.387 96.397 162.832 74 120 74C53.8333 74 0.000244141 127.833 0.000244141 194C0.000244141 194.41 0.000244141 194.835 0.0152435 195.245L0.000244141 195.248V295H1920Z\"><\/path>\n                <\/svg>\n            <\/div>\n                \t\t\t\t<\/div>\n\t\t\t\t<\/div>\n\t\t\t\t\t<\/div>\n\t\t<\/div>\n\t\t\t\t\t<\/div>\n\t\t<\/section>\n\t\t\t\t<section class=\"elementor-section elementor-top-section elementor-element elementor-element-5b52251 elementor-section-full_width elementor-section-height-default elementor-section-height-default\" data-id=\"5b52251\" data-element_type=\"section\" data-settings=\"{&quot;background_background&quot;:&quot;classic&quot;}\">\n\t\t\t\t\t\t\t<div class=\"elementor-background-overlay\"><\/div>\n\t\t\t\t\t\t\t<div class=\"elementor-container elementor-column-gap-no\">\n\t\t\t\t\t<div class=\"elementor-column elementor-col-100 elementor-top-column elementor-element elementor-element-cc6663e\" data-id=\"cc6663e\" data-element_type=\"column\">\n\t\t\t<div class=\"elementor-widget-wrap elementor-element-populated\">\n\t\t\t\t\t\t<section class=\"elementor-section elementor-inner-section elementor-element elementor-element-70f9b51 elementor-section-content-middle elementor-section-boxed elementor-section-height-default elementor-section-height-default\" data-id=\"70f9b51\" data-element_type=\"section\">\n\t\t\t\t\t\t<div class=\"elementor-container elementor-column-gap-no\">\n\t\t\t\t\t<div class=\"elementor-column elementor-col-100 elementor-inner-column elementor-element elementor-element-f1cfb55\" data-id=\"f1cfb55\" data-element_type=\"column\">\n\t\t\t<div class=\"elementor-widget-wrap elementor-element-populated\">\n\t\t\t\t\t\t<div class=\"elementor-element elementor-element-9a3d703 elementor-widget elementor-widget-kiddinosectiontitle\" data-id=\"9a3d703\" data-element_type=\"widget\" data-widget_type=\"kiddinosectiontitle.default\">\n\t\t\t\t<div class=\"elementor-widget-container\">\n\t\t\t\t\t<!-- Section Title --><div class=\"title-area\" ><h3 class=\"sec-title title-selector\">Questions <span class=\"text-theme\">Fr\u00e9quents<\/span><\/h3><\/div><!-- End Section Title -->\t\t\t\t<\/div>\n\t\t\t\t<\/div>\n\t\t\t\t<div class=\"elementor-element elementor-element-52daba7 elementor-widget elementor-widget-kiddinofaq\" data-id=\"52daba7\" data-element_type=\"widget\" data-widget_type=\"kiddinofaq.default\">\n\t\t\t\t<div class=\"elementor-widget-container\">\n\t\t\t\t\t<div class=\"accordion accordion-style1\" id=\"faqWidget_69e4c0179338f\"><div class=\"accordion-item accordion-box active\"><div class=\"accordion-header\" id=\"faq_69e4c0179339e\"><button class=\"accordion-button\" type=\"button\" data-bs-toggle=\"collapse\" data-bs-target=\"#faq_69e4c0179339e_collapse\" aria-expanded=\"true\" aria-controls=\"faq_69e4c0179339e_collapse\">1. Qu'est-ce que l'\u00e9cole maternelle ?<\/button><\/div><div id=\"faq_69e4c0179339e_collapse\" class=\"accordion-collapse collapse show\" aria-labelledby=\"faq_69e4c0179339e\" data-bs-parent=\"#faqWidget_69e4c0179338f\"><div class=\"accordion-body\"><p>L'\u00e9cole maternelle est la premi\u00e8re \u00e9tape de l'\u00e9ducation de base de la petite enfance. Elle s'adresse aux enfants \u00e2g\u00e9s de 0 \u00e0 6 ans qui ont leur premier contact avec l'\u00e9cole. Il int\u00e8gre l'enseignement et les soins, en compl\u00e9ment de l'\u00e9ducation familiale.<\/p><\/div><\/div><\/div><div class=\"accordion-item accordion-box\"><div class=\"accordion-header\" id=\"faq_69e4c017933b1\"><button class=\"accordion-button collapsed\" type=\"button\" data-bs-toggle=\"collapse\" data-bs-target=\"#faq_69e4c017933b1_collapse\" aria-expanded=\"false\" aria-controls=\"faq_69e4c017933b1_collapse\">2. Qu'est-ce qui rend notre enseignement unique ?<\/button><\/div><div id=\"faq_69e4c017933b1_collapse\" class=\"accordion-collapse collapse\" aria-labelledby=\"faq_69e4c017933b1\" data-bs-parent=\"#faqWidget_69e4c0179338f\"><div class=\"accordion-body\"><p>Notre \u00e9cole se concentre sur des m\u00e9thodologies et des investissements innovants afin d'offrir un environnement d'apprentissage unique et interactif. Nous donnons la priorit\u00e9 aux valeurs et encourageons l'appr\u00e9ciation de l'homme et de l'\u00e9cosyst\u00e8me. Chaque enfant est consid\u00e9r\u00e9 comme un individu unique, et notre enseignement et nos soins sont soigneusement adapt\u00e9s pour maximiser leur potentiel humain, leur vocation et leurs inspirations.<\/p><\/div><\/div><\/div><div class=\"accordion-item accordion-box\"><div class=\"accordion-header\" id=\"faq_69e4c017933c0\"><button class=\"accordion-button collapsed\" type=\"button\" data-bs-toggle=\"collapse\" data-bs-target=\"#faq_69e4c017933c0_collapse\" aria-expanded=\"false\" aria-controls=\"faq_69e4c017933c0_collapse\">3. Quelle est notre p\u00e9dagogie ?<\/button><\/div><div id=\"faq_69e4c017933c0_collapse\" class=\"accordion-collapse collapse\" aria-labelledby=\"faq_69e4c017933c0\" data-bs-parent=\"#faqWidget_69e4c0179338f\"><div class=\"accordion-body\"><p>Notre p\u00e9dagogie vise \u00e0 fournir un environnement \u00e9quilibr\u00e9 et harmonieux pour l'\u00e9panouissement de votre enfant, incluant l'enseignement de la musique, l'instrumentalisation, les arts graphiques, la peinture, la cuisine pour enfants, la culture g\u00e9n\u00e9rale, l'agriculture, l'\u00e9ducation physique, l'enseignement des langues \u00e9trang\u00e8res et la formation \u00e0 l'animation.<\/p><\/div><\/div><\/div><div class=\"accordion-item accordion-box\"><div class=\"accordion-header\" id=\"faq_69e4c017933cc\"><button class=\"accordion-button collapsed\" type=\"button\" data-bs-toggle=\"collapse\" data-bs-target=\"#faq_69e4c017933cc_collapse\" aria-expanded=\"false\" aria-controls=\"faq_69e4c017933cc_collapse\">4. Quelle est notre mission ?<\/button><\/div><div id=\"faq_69e4c017933cc_collapse\" class=\"accordion-collapse collapse\" aria-labelledby=\"faq_69e4c017933cc\" data-bs-parent=\"#faqWidget_69e4c0179338f\"><div class=\"accordion-body\"><p>Notre mission est de fournir un environnement \u00e9ducatif qui permet la croissance, l'apprentissage, l'\u00e9ducation et le d\u00e9veloppement personnel bas\u00e9 sur des valeurs morales qui favorisent le bien-\u00eatre physique, social, spirituel et psychologique. Nous nous concentrons sur le leadership pour am\u00e9liorer la culture cap-verdienne\/africaine, en utilisant le fran\u00e7ais comme un outil d'\u00e9change social et culturel.<\/p><\/div><\/div><\/div><div class=\"accordion-item accordion-box\"><div class=\"accordion-header\" id=\"faq_69e4c017933d9\"><button class=\"accordion-button collapsed\" type=\"button\" data-bs-toggle=\"collapse\" data-bs-target=\"#faq_69e4c017933d9_collapse\" aria-expanded=\"false\" aria-controls=\"faq_69e4c017933d9_collapse\">5. Quelle est notre vision ?<\/button><\/div><div id=\"faq_69e4c017933d9_collapse\" class=\"accordion-collapse collapse\" aria-labelledby=\"faq_69e4c017933d9\" data-bs-parent=\"#faqWidget_69e4c0179338f\"><div class=\"accordion-body\"><p>Notre vision est d'avoir un impact sur le Cap-Vert gr\u00e2ce \u00e0 un enseignement de r\u00e9f\u00e9rence et \u00e0 l'excellence en mati\u00e8re d'\u00e9ducation.<\/p><\/div><\/div><\/div><div class=\"accordion-item accordion-box\"><div class=\"accordion-header\" id=\"faq_69e4c017933e6\"><button class=\"accordion-button collapsed\" type=\"button\" data-bs-toggle=\"collapse\" data-bs-target=\"#faq_69e4c017933e6_collapse\" aria-expanded=\"false\" aria-controls=\"faq_69e4c017933e6_collapse\">6. Quelles sont nos valeurs ?\n<\/button><\/div><div id=\"faq_69e4c017933e6_collapse\" class=\"accordion-collapse collapse\" aria-labelledby=\"faq_69e4c017933e6\" data-bs-parent=\"#faqWidget_69e4c0179338f\"><div class=\"accordion-body\"><p>Nos valeurs sont la tol\u00e9rance, l'esprit de partage, le respect de la nature, les relations humaines, une mentalit\u00e9 mondialis\u00e9e, le sens civique, le leadership et la cr\u00e9ativit\u00e9.<\/p><\/div><\/div><\/div><div class=\"accordion-item accordion-box\"><div class=\"accordion-header\" id=\"faq_69e4c017933f1\"><button class=\"accordion-button collapsed\" type=\"button\" data-bs-toggle=\"collapse\" data-bs-target=\"#faq_69e4c017933f1_collapse\" aria-expanded=\"false\" aria-controls=\"faq_69e4c017933f1_collapse\">7. Quels sont nos objectifs ?\n<\/button><\/div><div id=\"faq_69e4c017933f1_collapse\" class=\"accordion-collapse collapse\" aria-labelledby=\"faq_69e4c017933f1\" data-bs-parent=\"#faqWidget_69e4c0179338f\"><div class=\"accordion-body\"><p>Nos objectifs sont notamment de mettre l'accent sur le leadership pour une bonne gouvernance, une citoyennet\u00e9 consciente, la prosp\u00e9rit\u00e9 du pays et du continent, la s\u00e9curit\u00e9, la stabilit\u00e9 et la paix. Notre but est d'apporter une alternative p\u00e9dagogique aux Capverdiens en les initiant \u00e0 une langue \u00e9trang\u00e8re d\u00e8s leur plus jeune \u00e2ge afin d'\u00e9largir leurs perspectives culturelles et sociales en vue de la mondialisation.<\/p><\/div><\/div><\/div><div class=\"accordion-item accordion-box\"><div class=\"accordion-header\" id=\"faq_69e4c017933fd\"><button class=\"accordion-button collapsed\" type=\"button\" data-bs-toggle=\"collapse\" data-bs-target=\"#faq_69e4c017933fd_collapse\" aria-expanded=\"false\" aria-controls=\"faq_69e4c017933fd_collapse\">8. Quels sont les cours propos\u00e9s ?<\/button><\/div><div id=\"faq_69e4c017933fd_collapse\" class=\"accordion-collapse collapse\" aria-labelledby=\"faq_69e4c017933fd\" data-bs-parent=\"#faqWidget_69e4c0179338f\"><div class=\"accordion-body\"><p>Classe pr\u00e9-maternelle (0 - 3 ans)\nClasse des tout-petits (3 - 4 ans)\nClasse moyenne (4 - 5 ans)\nGrande classe ou classe pr\u00e9-scolaire (5 - 6 ans)<\/p><\/div><\/div><\/div><div class=\"accordion-item accordion-box\"><div class=\"accordion-header\" id=\"faq_69e4c01793408\"><button class=\"accordion-button collapsed\" type=\"button\" data-bs-toggle=\"collapse\" data-bs-target=\"#faq_69e4c01793408_collapse\" aria-expanded=\"false\" aria-controls=\"faq_69e4c01793408_collapse\">9. Quelle est notre m\u00e9thodologie d'enseignement ?<\/button><\/div><div id=\"faq_69e4c01793408_collapse\" class=\"accordion-collapse collapse\" aria-labelledby=\"faq_69e4c01793408\" data-bs-parent=\"#faqWidget_69e4c0179338f\"><div class=\"accordion-body\"><p>Ressources technologiques et audiovisuelles : \u00e9quipement audiovisuel complet pour l'acc\u00e8s \u00e0 la musique, au cin\u00e9ma pour enfants, aux cours vid\u00e9o et aux t\u00e9l\u00e9conf\u00e9rences en ligne.\nRessources mat\u00e9rielles : espace \u00e9quip\u00e9, s\u00fbr et confortable pour que les enfants puissent jouer et travailler dans les meilleures conditions.\nRessources humaines : personnel form\u00e9 et motiv\u00e9, fortement impliqu\u00e9 dans le projet.<\/p><\/div><\/div><\/div><div class=\"accordion-item accordion-box\"><div class=\"accordion-header\" id=\"faq_69e4c01793415\"><button class=\"accordion-button collapsed\" type=\"button\" data-bs-toggle=\"collapse\" data-bs-target=\"#faq_69e4c01793415_collapse\" aria-expanded=\"false\" aria-controls=\"faq_69e4c01793415_collapse\">10. Qui sont les incroyables professionnels impliqu\u00e9s ?<\/button><\/div><div id=\"faq_69e4c01793415_collapse\" class=\"accordion-collapse collapse\" aria-labelledby=\"faq_69e4c01793415\" data-bs-parent=\"#faqWidget_69e4c0179338f\"><div class=\"accordion-body\"><p>Nos incroyables professionnels sont Simone Pereira Barros, Bineta Ndiaye, Djamila Rodrigues et Maria de Lourdes Andrade.<\/p><\/div><\/div><\/div><div class=\"accordion-item accordion-box\"><div class=\"accordion-header\" id=\"faq_69e4c0179341f\"><button class=\"accordion-button collapsed\" type=\"button\" data-bs-toggle=\"collapse\" data-bs-target=\"#faq_69e4c0179341f_collapse\" aria-expanded=\"false\" aria-controls=\"faq_69e4c0179341f_collapse\">11. Qu'en est-il des uniformes et des horaires ?<\/button><\/div><div id=\"faq_69e4c0179341f_collapse\" class=\"accordion-collapse collapse\" aria-labelledby=\"faq_69e4c0179341f\" data-bs-parent=\"#faqWidget_69e4c0179338f\"><div class=\"accordion-body\"><p>Nous suivons l'horaire national, accueillant les enfants du lundi au vendredi, de 8h \u00e0 18h, avec des marges de tol\u00e9rance n\u00e9gociables pour l'arriv\u00e9e et le d\u00e9part des enfants.<\/p><\/div><\/div><\/div><\/div>\t\t\t\t<\/div>\n\t\t\t\t<\/div>\n\t\t\t\t\t<\/div>\n\t\t<\/div>\n\t\t\t\t\t<\/div>\n\t\t<\/section>\n\t\t\t\t\t<\/div>\n\t\t<\/div>\n\t\t\t\t\t<\/div>\n\t\t<\/section>\n\t\t\t\t<\/div>","protected":false},"excerpt":{"rendered":"<p>Questions fr\u00e9quemment pos\u00e9es 1. Qu'est-ce qu'un jardin d'enfants\/une \u00e9cole maternelle ? Le jardin d'enfants\/pr\u00e9-scolaire est la premi\u00e8re \u00e9tape de l'\u00e9ducation de base de la petite enfance. Il s'adresse aux enfants de 0 \u00e0 6 ans qui ont leur premier contact avec l'\u00e9cole. Il int\u00e8gre l'enseignement et les soins, en compl\u00e9ment de l'\u00e9ducation familiale. 2. Qu'est-ce qui fait que notre...<\/p>","protected":false},"author":1,"featured_media":0,"parent":0,"menu_order":0,"comment_status":"closed","ping_status":"closed","template":"elementor_header_footer","meta":{"footnotes":""},"class_list":["post-2900","page","type-page","status-publish","hentry"],"_links":{"self":[{"href":"https:\/\/escolafrancofona.edu.cv\/fr\/wp-json\/wp\/v2\/pages\/2900","targetHints":{"allow":["GET"]}}],"collection":[{"href":"https:\/\/escolafrancofona.edu.cv\/fr\/wp-json\/wp\/v2\/pages"}],"about":[{"href":"https:\/\/escolafrancofona.edu.cv\/fr\/wp-json\/wp\/v2\/types\/page"}],"author":[{"embeddable":true,"href":"https:\/\/escolafrancofona.edu.cv\/fr\/wp-json\/wp\/v2\/users\/1"}],"replies":[{"embeddable":true,"href":"https:\/\/escolafrancofona.edu.cv\/fr\/wp-json\/wp\/v2\/comments?post=2900"}],"version-history":[{"count":44,"href":"https:\/\/escolafrancofona.edu.cv\/fr\/wp-json\/wp\/v2\/pages\/2900\/revisions"}],"predecessor-version":[{"id":5072,"href":"https:\/\/escolafrancofona.edu.cv\/fr\/wp-json\/wp\/v2\/pages\/2900\/revisions\/5072"}],"wp:attachment":[{"href":"https:\/\/escolafrancofona.edu.cv\/fr\/wp-json\/wp\/v2\/media?parent=2900"}],"curies":[{"name":"wp","href":"https:\/\/api.w.org\/{rel}","templated":true}]}}